{"id":5774,"date":"2021-01-08T15:53:31","date_gmt":"2021-01-08T14:53:31","guid":{"rendered":"https:\/\/visitdistrikt.rs\/?page_id=5774"},"modified":"2021-01-11T11:44:06","modified_gmt":"2021-01-11T10:44:06","slug":"docek","status":"publish","type":"page","link":"https:\/\/visitdistrikt.rs\/en\/docek\/","title":{"rendered":"Do\u010dek"},"content":{"rendered":"\t\t<div data-elementor-type=\"wp-page\" data-elementor-id=\"5774\" class=\"elementor elementor-5774 elementor-5203\" data-elementor-post-type=\"page\">\n\t\t\t\t\t\t<section class=\"elementor-section elementor-top-section elementor-element elementor-element-d05f948 elementor-section-full_width elementor-section-height-default elementor-section-height-default\" data-id=\"d05f948\" data-element_type=\"section\" data-settings=\"{&quot;background_background&quot;:&quot;classic&quot;}\">\n\t\t\t\t\t\t<div class=\"elementor-container elementor-column-gap-default\">\n\t\t\t\t\t<div class=\"elementor-column elementor-col-100 elementor-top-column elementor-element elementor-element-7aef4c9\" data-id=\"7aef4c9\" data-element_type=\"column\">\n\t\t\t<div class=\"elementor-widget-wrap elementor-element-populated\">\n\t\t\t\t\t\t<div class=\"elementor-element elementor-element-0e7f7f0 elementor-widget elementor-widget-spacer\" data-id=\"0e7f7f0\" data-element_type=\"widget\" data-widget_type=\"spacer.default\">\n\t\t\t\t<div class=\"elementor-widget-container\">\n\t\t\t\t\t<div class=\"elementor-spacer\">\n\t\t\t<div class=\"elementor-spacer-inner\"><\/div>\n\t\t<\/div>\n\t\t\t\t<\/div>\n\t\t\t\t<\/div>\n\t\t\t\t\t<\/div>\n\t\t<\/div>\n\t\t\t\t\t<\/div>\n\t\t<\/section>\n\t\t\t\t<section class=\"elementor-section elementor-top-section elementor-element elementor-element-1e88f87 elementor-section-boxed elementor-section-height-default elementor-section-height-default\" data-id=\"1e88f87\" data-element_type=\"section\">\n\t\t\t\t\t\t<div class=\"elementor-container elementor-column-gap-default\">\n\t\t\t\t\t<div class=\"elementor-column elementor-col-100 elementor-top-column elementor-element elementor-element-64159cf\" data-id=\"64159cf\" data-element_type=\"column\">\n\t\t\t<div class=\"elementor-widget-wrap elementor-element-populated\">\n\t\t\t\t\t\t<div class=\"elementor-element elementor-element-1fbf7e3 elementor-widget elementor-widget-text-editor\" data-id=\"1fbf7e3\" data-element_type=\"widget\" data-widget_type=\"text-editor.default\">\n\t\t\t\t<div class=\"elementor-widget-container\">\n\t\t\t\t\t\t\t<p><span>Do\u010dek in Novi Sad, which connects two celebrations of New Year\u2019s Eve, two calendars and two ways of measuring time, will continue its tradition, but in online form, by opening new spaces for culture.\u00a0<\/span><\/p>\t\t\t\t\t\t<\/div>\n\t\t\t\t<\/div>\n\t\t\t\t\t<\/div>\n\t\t<\/div>\n\t\t\t\t\t<\/div>\n\t\t<\/section>\n\t\t\t\t<section class=\"elementor-section elementor-top-section elementor-element elementor-element-4e927fa elementor-section-boxed elementor-section-height-default elementor-section-height-default\" data-id=\"4e927fa\" data-element_type=\"section\">\n\t\t\t\t\t\t<div class=\"elementor-container elementor-column-gap-default\">\n\t\t\t\t\t<div class=\"elementor-column elementor-col-100 elementor-top-column elementor-element elementor-element-0dbceb3\" data-id=\"0dbceb3\" data-element_type=\"column\">\n\t\t\t<div class=\"elementor-widget-wrap\">\n\t\t\t\t\t\t\t<\/div>\n\t\t<\/div>\n\t\t\t\t\t<\/div>\n\t\t<\/section>\n\t\t\t\t<\/div>\n\t\t","protected":false},"excerpt":{"rendered":"<p>Do\u010dek in Novi Sad, which connects two celebrations of New Year\u2019s Eve, two calendars and two ways of measuring time, will continue its tradition, but in online form, by opening new spaces for culture. Do\u010dek Seductive Melodies of the D\u017eezva &amp; D\u017eezvica Quartet Within Do\u010dek 7529 26. decembra 2020 Do\u010dek Performance of Agota Vitkai Ku\u010dera [&hellip;]<\/p>\n","protected":false},"author":3,"featured_media":5331,"parent":0,"menu_order":0,"comment_status":"closed","ping_status":"closed","template":"elementor_header_footer","meta":{"footnotes":"","_links_to":"","_links_to_target":""},"yoast_head":"<!-- This site is optimized with the Yoast SEO plugin v22.4 - https:\/\/yoast.com\/wordpress\/plugins\/seo\/ -->\n<title>Do\u010dek - Visit Distrikt Novi Sad<\/title>\n<meta name=\"robots\" content=\"index, follow, max-snippet:-1, max-image-preview:large, max-video-preview:-1\" \/>\n<link rel=\"canonical\" href=\"https:\/\/visitdistrikt.rs\/en\/docek\/\" \/>\n<meta property=\"og:locale\" content=\"en_US\" \/>\n<meta property=\"og:type\" content=\"article\" \/>\n<meta property=\"og:title\" content=\"Do\u010dek - Visit Distrikt Novi Sad\" \/>\n<meta property=\"og:description\" content=\"Do\u010dek in Novi Sad, which connects two celebrations of New Year\u2019s Eve, two calendars and two ways of measuring time, will continue its tradition, but in online form, by opening new spaces for culture. Do\u010dek Seductive Melodies of the D\u017eezva &amp; D\u017eezvica Quartet Within Do\u010dek 7529 26. decembra 2020 Do\u010dek Performance of Agota Vitkai Ku\u010dera [&hellip;]\" \/>\n<meta property=\"og:url\" content=\"https:\/\/visitdistrikt.rs\/en\/docek\/\" \/>\n<meta property=\"og:site_name\" content=\"Visit Distrikt Novi Sad\" \/>\n<meta property=\"article:modified_time\" content=\"2021-01-11T10:44:06+00:00\" \/>\n<meta property=\"og:image\" content=\"https:\/\/visitdistrikt.rs\/media\/2020\/12\/\u0434ocek_2021_7529_event_V1-2.png\" \/>\n\t<meta property=\"og:image:width\" content=\"2560\" \/>\n\t<meta property=\"og:image:height\" content=\"774\" \/>\n\t<meta property=\"og:image:type\" content=\"image\/png\" \/>\n<meta name=\"twitter:card\" content=\"summary_large_image\" \/>\n<meta name=\"twitter:label1\" content=\"Est. reading time\" \/>\n\t<meta name=\"twitter:data1\" content=\"1 minute\" \/>\n<script type=\"application\/ld+json\" class=\"yoast-schema-graph\">{\"@context\":\"https:\/\/schema.org\",\"@graph\":[{\"@type\":\"WebPage\",\"@id\":\"https:\/\/visitdistrikt.rs\/en\/docek\/\",\"url\":\"https:\/\/visitdistrikt.rs\/en\/docek\/\",\"name\":\"Do\u010dek - Visit Distrikt Novi Sad\",\"isPartOf\":{\"@id\":\"https:\/\/visitdistrikt.rs\/#website\"},\"primaryImageOfPage\":{\"@id\":\"https:\/\/visitdistrikt.rs\/en\/docek\/#primaryimage\"},\"image\":{\"@id\":\"https:\/\/visitdistrikt.rs\/en\/docek\/#primaryimage\"},\"thumbnailUrl\":\"https:\/\/visitdistrikt.rs\/media\/2020\/12\/\u0434ocek_2021_7529_event_V1-2.png\",\"datePublished\":\"2021-01-08T14:53:31+00:00\",\"dateModified\":\"2021-01-11T10:44:06+00:00\",\"breadcrumb\":{\"@id\":\"https:\/\/visitdistrikt.rs\/en\/docek\/#breadcrumb\"},\"inLanguage\":\"en-US\",\"potentialAction\":[{\"@type\":\"ReadAction\",\"target\":[\"https:\/\/visitdistrikt.rs\/en\/docek\/\"]}]},{\"@type\":\"ImageObject\",\"inLanguage\":\"en-US\",\"@id\":\"https:\/\/visitdistrikt.rs\/en\/docek\/#primaryimage\",\"url\":\"https:\/\/visitdistrikt.rs\/media\/2020\/12\/\u0434ocek_2021_7529_event_V1-2.png\",\"contentUrl\":\"https:\/\/visitdistrikt.rs\/media\/2020\/12\/\u0434ocek_2021_7529_event_V1-2.png\",\"width\":2560,\"height\":774},{\"@type\":\"BreadcrumbList\",\"@id\":\"https:\/\/visitdistrikt.rs\/en\/docek\/#breadcrumb\",\"itemListElement\":[{\"@type\":\"ListItem\",\"position\":1,\"name\":\"Home\",\"item\":\"https:\/\/visitdistrikt.rs\/en\/\"},{\"@type\":\"ListItem\",\"position\":2,\"name\":\"Do\u010dek\"}]},{\"@type\":\"WebSite\",\"@id\":\"https:\/\/visitdistrikt.rs\/#website\",\"url\":\"https:\/\/visitdistrikt.rs\/\",\"name\":\"Visit Distrikt Novi Sad\",\"description\":\"Novi Sad\",\"potentialAction\":[{\"@type\":\"SearchAction\",\"target\":{\"@type\":\"EntryPoint\",\"urlTemplate\":\"https:\/\/visitdistrikt.rs\/?s={search_term_string}\"},\"query-input\":\"required name=search_term_string\"}],\"inLanguage\":\"en-US\"}]}<\/script>\n<!-- \/ Yoast SEO plugin. -->","yoast_head_json":{"title":"Do\u010dek - Visit Distrikt Novi Sad","robots":{"index":"index","follow":"follow","max-snippet":"max-snippet:-1","max-image-preview":"max-image-preview:large","max-video-preview":"max-video-preview:-1"},"canonical":"https:\/\/visitdistrikt.rs\/en\/docek\/","og_locale":"en_US","og_type":"article","og_title":"Do\u010dek - Visit Distrikt Novi Sad","og_description":"Do\u010dek in Novi Sad, which connects two celebrations of New Year\u2019s Eve, two calendars and two ways of measuring time, will continue its tradition, but in online form, by opening new spaces for culture. Do\u010dek Seductive Melodies of the D\u017eezva &amp; D\u017eezvica Quartet Within Do\u010dek 7529 26. decembra 2020 Do\u010dek Performance of Agota Vitkai Ku\u010dera [&hellip;]","og_url":"https:\/\/visitdistrikt.rs\/en\/docek\/","og_site_name":"Visit Distrikt Novi Sad","article_modified_time":"2021-01-11T10:44:06+00:00","og_image":[{"width":2560,"height":774,"url":"https:\/\/visitdistrikt.rs\/media\/2020\/12\/\u0434ocek_2021_7529_event_V1-2.png","type":"image\/png"}],"twitter_card":"summary_large_image","twitter_misc":{"Est. reading time":"1 minute"},"schema":{"@context":"https:\/\/schema.org","@graph":[{"@type":"WebPage","@id":"https:\/\/visitdistrikt.rs\/en\/docek\/","url":"https:\/\/visitdistrikt.rs\/en\/docek\/","name":"Do\u010dek - Visit Distrikt Novi Sad","isPartOf":{"@id":"https:\/\/visitdistrikt.rs\/#website"},"primaryImageOfPage":{"@id":"https:\/\/visitdistrikt.rs\/en\/docek\/#primaryimage"},"image":{"@id":"https:\/\/visitdistrikt.rs\/en\/docek\/#primaryimage"},"thumbnailUrl":"https:\/\/visitdistrikt.rs\/media\/2020\/12\/\u0434ocek_2021_7529_event_V1-2.png","datePublished":"2021-01-08T14:53:31+00:00","dateModified":"2021-01-11T10:44:06+00:00","breadcrumb":{"@id":"https:\/\/visitdistrikt.rs\/en\/docek\/#breadcrumb"},"inLanguage":"en-US","potentialAction":[{"@type":"ReadAction","target":["https:\/\/visitdistrikt.rs\/en\/docek\/"]}]},{"@type":"ImageObject","inLanguage":"en-US","@id":"https:\/\/visitdistrikt.rs\/en\/docek\/#primaryimage","url":"https:\/\/visitdistrikt.rs\/media\/2020\/12\/\u0434ocek_2021_7529_event_V1-2.png","contentUrl":"https:\/\/visitdistrikt.rs\/media\/2020\/12\/\u0434ocek_2021_7529_event_V1-2.png","width":2560,"height":774},{"@type":"BreadcrumbList","@id":"https:\/\/visitdistrikt.rs\/en\/docek\/#breadcrumb","itemListElement":[{"@type":"ListItem","position":1,"name":"Home","item":"https:\/\/visitdistrikt.rs\/en\/"},{"@type":"ListItem","position":2,"name":"Do\u010dek"}]},{"@type":"WebSite","@id":"https:\/\/visitdistrikt.rs\/#website","url":"https:\/\/visitdistrikt.rs\/","name":"Visit Distrikt Novi Sad","description":"Novi Sad","potentialAction":[{"@type":"SearchAction","target":{"@type":"EntryPoint","urlTemplate":"https:\/\/visitdistrikt.rs\/?s={search_term_string}"},"query-input":"required name=search_term_string"}],"inLanguage":"en-US"}]}},"_links":{"self":[{"href":"https:\/\/visitdistrikt.rs\/en\/wp-json\/wp\/v2\/pages\/5774"}],"collection":[{"href":"https:\/\/visitdistrikt.rs\/en\/wp-json\/wp\/v2\/pages"}],"about":[{"href":"https:\/\/visitdistrikt.rs\/en\/wp-json\/wp\/v2\/types\/page"}],"author":[{"embeddable":true,"href":"https:\/\/visitdistrikt.rs\/en\/wp-json\/wp\/v2\/users\/3"}],"replies":[{"embeddable":true,"href":"https:\/\/visitdistrikt.rs\/en\/wp-json\/wp\/v2\/comments?post=5774"}],"version-history":[{"count":6,"href":"https:\/\/visitdistrikt.rs\/en\/wp-json\/wp\/v2\/pages\/5774\/revisions"}],"predecessor-version":[{"id":5797,"href":"https:\/\/visitdistrikt.rs\/en\/wp-json\/wp\/v2\/pages\/5774\/revisions\/5797"}],"wp:featuredmedia":[{"embeddable":true,"href":"https:\/\/visitdistrikt.rs\/en\/wp-json\/wp\/v2\/media\/5331"}],"wp:attachment":[{"href":"https:\/\/visitdistrikt.rs\/en\/wp-json\/wp\/v2\/media?parent=5774"}],"curies":[{"name":"wp","href":"https:\/\/api.w.org\/{rel}","templated":true}]}}